{"id":712,"date":"2013-09-05T15:28:01","date_gmt":"2013-09-05T12:28:01","guid":{"rendered":"https:\/\/www.vilnius-hotel.lt\/?page_id=712"},"modified":"2022-03-25T14:45:20","modified_gmt":"2022-03-25T12:45:20","slug":"kontaktai","status":"publish","type":"page","link":"https:\/\/www.vilniuscityhotel.com\/lt\/kontaktai\/","title":{"rendered":"Kontaktai"},"content":{"rendered":"\n<h3 class=\"has-text-align-center\">10% NUOLAIDA U\u017dSAKANT \u010cIA<\/h3>\n\n\n\n<h4>U\u017esakant kambarius tiesiogiai,visada gaunate automatin\u0119 10% nuolaid\u0105, ankstyv\u0105 arba v\u0117lyv\u0105 i\u0161vykim\u0105 iki 2 valand\u0173 nemokamai.\u00a0<\/h4>\n\n\n\n<ul><li>Registrat\u016bra vis\u0105 para: +37068987777 (Viber, WhatsApp)<\/li><li>El. pa\u0161tas: \u00a0 \u00a0 \u00a0<a title=\"Kontaktai - vie\u0161bu\u010diai Vilniuje - Vie\u0161butis Vilnius City Hotel\" href=\"mailto:hotel@vilniuscityhotel.com\">hotel@vilniuscityhotel.com<\/a><\/li><li>Adresas: \u00a0 \u00a0 \u00a0 \u00a0<a href=\"https:\/\/g.page\/vilniuscityhotel?share\" target=\"_blank\" rel=\"noreferrer noopener\">\u0160vitrigailos gatv\u0117 11D, LT-03228 , Vilnius, Lietuva<\/a><\/li><\/ul>\n\n\n\n<p><iframe loading=\"lazy\" src=\"https:\/\/maps.google.com\/maps\/ms?ie=UTF8&amp;hl=lt&amp;msa=0&amp;msid=212677680697389403687.00047e5150e792305b94d&amp;source=embed&amp;t=m&amp;ll=54.674834,25.252932&amp;spn=0.071252,0.067085&amp;output=embed\" width=\"550\" height=\"300\" frameborder=\"0\" marginwidth=\"0\" marginheight=\"0\" scrolling=\"no\"><\/iframe><br><small>\u017di\u016br\u0117ti <a style=\"color: #0000ff; text-align: left;\" href=\"https:\/\/maps.google.com\/maps\/ms?ie=UTF8&amp;hl=lt&amp;msa=0&amp;msid=212677680697389403687.00047e5150e792305b94d&amp;source=embed&amp;t=m&amp;ll=54.674834,25.252932&amp;spn=0.071252,0.067085\">Vie\u0161butis Vilnius City Hotel<\/a>&nbsp;didesniame \u017eem\u0117lapyje<\/small><\/p>\n<h3>Related Images:<\/h3>","protected":false},"excerpt":{"rendered":"<p>10% NUOLAIDA U\u017dSAKANT \u010cIA U\u017esakant kambarius tiesiogiai,visada gaunate automatin\u0119 10% nuolaid\u0105, ankstyv\u0105 arba v\u0117lyv\u0105 i\u0161vykim\u0105 iki 2 valand\u0173 nemokamai.\u00a0 Registrat\u016bra vis\u0105 para: +37068987777 (Viber, WhatsApp) El. pa\u0161tas: \u00a0 \u00a0 \u00a0hotel@vilniuscityhotel.com Adresas: \u00a0 \u00a0 \u00a0 \u00a0\u0160vitrigailos gatv\u0117 11D, LT-03228 , Vilnius, Lietuva \u017di\u016br\u0117ti Vie\u0161butis Vilnius City Hotel&nbsp;didesniame \u017eem\u0117lapyje Related Images:<\/p>\n","protected":false},"author":3,"featured_media":0,"parent":0,"menu_order":0,"comment_status":"open","ping_status":"closed","template":"page-full-width.php","meta":{"ngg_post_thumbnail":0},"tags":[],"yoast_head":"<!-- This site is optimized with the Yoast SEO plugin v19.13 - https:\/\/yoast.com\/wordpress\/plugins\/seo\/ -->\n<title>Kontaktai - &quot;VILNIUS CITY HOTEL&quot; vie\u0161butis \u0160vitrigailos gatv\u0117je<\/title>\n<meta name=\"description\" content=\"Vie\u0161butis&quot;VILNIUS CITY HOTEL&quot;, \u0160vitrigailos gatv\u0117 11D , Vilnius. Registrat\u016bros tel: +37068987777 (nemokamai su Viber, WhatsApp). U\u017esakant \u010dia 10% nuolaida.\" \/>\n<meta name=\"robots\" content=\"index, follow, max-snippet:-1, max-image-preview:large, max-video-preview:-1\" \/>\n<link rel=\"canonical\" href=\"https:\/\/www.vilniuscityhotel.com\/lt\/kontaktai\/\" \/>\n<meta property=\"og:locale\" content=\"lt_LT\" \/>\n<meta property=\"og:type\" content=\"article\" \/>\n<meta property=\"og:title\" content=\"Kontaktai - &quot;VILNIUS CITY HOTEL&quot; vie\u0161butis \u0160vitrigailos gatv\u0117je\" \/>\n<meta property=\"og:description\" content=\"Vie\u0161butis&quot;VILNIUS CITY HOTEL&quot;, \u0160vitrigailos gatv\u0117 11D , Vilnius. Registrat\u016bros tel: +37068987777 (nemokamai su Viber, WhatsApp). U\u017esakant \u010dia 10% nuolaida.\" \/>\n<meta property=\"og:url\" content=\"https:\/\/www.vilniuscityhotel.com\/lt\/kontaktai\/\" \/>\n<meta property=\"article:publisher\" content=\"https:\/\/www.facebook.com\/vilniuscityhotell\" \/>\n<meta property=\"article:modified_time\" content=\"2022-03-25T12:45:20+00:00\" \/>\n<meta name=\"twitter:label1\" content=\"Est. reading time\" \/>\n\t<meta name=\"twitter:data1\" content=\"1 minute\" \/>\n<script type=\"application\/ld+json\" class=\"yoast-schema-graph\">{\"@context\":\"https:\/\/schema.org\",\"@graph\":[{\"@type\":\"WebPage\",\"@id\":\"https:\/\/www.vilniuscityhotel.com\/lt\/kontaktai\/\",\"url\":\"https:\/\/www.vilniuscityhotel.com\/lt\/kontaktai\/\",\"name\":\"Kontaktai - \\\"VILNIUS CITY HOTEL\\\" vie\u0161butis \u0160vitrigailos gatv\u0117je\",\"isPartOf\":{\"@id\":\"https:\/\/www.vilniuscityhotel.com\/#website\"},\"datePublished\":\"2013-09-05T12:28:01+00:00\",\"dateModified\":\"2022-03-25T12:45:20+00:00\",\"description\":\"Vie\u0161butis\\\"VILNIUS CITY HOTEL\\\", \u0160vitrigailos gatv\u0117 11D , Vilnius. Registrat\u016bros tel: +37068987777 (nemokamai su Viber, WhatsApp). U\u017esakant \u010dia 10% nuolaida.\",\"breadcrumb\":{\"@id\":\"https:\/\/www.vilniuscityhotel.com\/lt\/kontaktai\/#breadcrumb\"},\"inLanguage\":\"lt\",\"potentialAction\":[{\"@type\":\"ReadAction\",\"target\":[\"https:\/\/www.vilniuscityhotel.com\/lt\/kontaktai\/\"]}]},{\"@type\":\"BreadcrumbList\",\"@id\":\"https:\/\/www.vilniuscityhotel.com\/lt\/kontaktai\/#breadcrumb\",\"itemListElement\":[{\"@type\":\"ListItem\",\"position\":1,\"name\":\"Strona g\u0142\u00f3wna\",\"item\":\"https:\/\/www.vilniuscityhotel.com\/lt\/\"},{\"@type\":\"ListItem\",\"position\":2,\"name\":\"Kontaktai\"}]},{\"@type\":\"WebSite\",\"@id\":\"https:\/\/www.vilniuscityhotel.com\/#website\",\"url\":\"https:\/\/www.vilniuscityhotel.com\/\",\"name\":\"\",\"description\":\"Vilnius City Hotel near Vilnius Old Town and Airport\",\"potentialAction\":[{\"@type\":\"SearchAction\",\"target\":{\"@type\":\"EntryPoint\",\"urlTemplate\":\"https:\/\/www.vilniuscityhotel.com\/?s={search_term_string}\"},\"query-input\":\"required name=search_term_string\"}],\"inLanguage\":\"lt\"}]}<\/script>\n<!-- \/ Yoast SEO plugin. -->","yoast_head_json":{"title":"Kontaktai - \"VILNIUS CITY HOTEL\" vie\u0161butis \u0160vitrigailos gatv\u0117je","description":"Vie\u0161butis\"VILNIUS CITY HOTEL\", \u0160vitrigailos gatv\u0117 11D , Vilnius. Registrat\u016bros tel: +37068987777 (nemokamai su Viber, WhatsApp). U\u017esakant \u010dia 10% nuolaida.","robots":{"index":"index","follow":"follow","max-snippet":"max-snippet:-1","max-image-preview":"max-image-preview:large","max-video-preview":"max-video-preview:-1"},"canonical":"https:\/\/www.vilniuscityhotel.com\/lt\/kontaktai\/","og_locale":"lt_LT","og_type":"article","og_title":"Kontaktai - \"VILNIUS CITY HOTEL\" vie\u0161butis \u0160vitrigailos gatv\u0117je","og_description":"Vie\u0161butis\"VILNIUS CITY HOTEL\", \u0160vitrigailos gatv\u0117 11D , Vilnius. Registrat\u016bros tel: +37068987777 (nemokamai su Viber, WhatsApp). U\u017esakant \u010dia 10% nuolaida.","og_url":"https:\/\/www.vilniuscityhotel.com\/lt\/kontaktai\/","article_publisher":"https:\/\/www.facebook.com\/vilniuscityhotell","article_modified_time":"2022-03-25T12:45:20+00:00","twitter_misc":{"Est. reading time":"1 minute"},"schema":{"@context":"https:\/\/schema.org","@graph":[{"@type":"WebPage","@id":"https:\/\/www.vilniuscityhotel.com\/lt\/kontaktai\/","url":"https:\/\/www.vilniuscityhotel.com\/lt\/kontaktai\/","name":"Kontaktai - \"VILNIUS CITY HOTEL\" vie\u0161butis \u0160vitrigailos gatv\u0117je","isPartOf":{"@id":"https:\/\/www.vilniuscityhotel.com\/#website"},"datePublished":"2013-09-05T12:28:01+00:00","dateModified":"2022-03-25T12:45:20+00:00","description":"Vie\u0161butis\"VILNIUS CITY HOTEL\", \u0160vitrigailos gatv\u0117 11D , Vilnius. Registrat\u016bros tel: +37068987777 (nemokamai su Viber, WhatsApp). U\u017esakant \u010dia 10% nuolaida.","breadcrumb":{"@id":"https:\/\/www.vilniuscityhotel.com\/lt\/kontaktai\/#breadcrumb"},"inLanguage":"lt","potentialAction":[{"@type":"ReadAction","target":["https:\/\/www.vilniuscityhotel.com\/lt\/kontaktai\/"]}]},{"@type":"BreadcrumbList","@id":"https:\/\/www.vilniuscityhotel.com\/lt\/kontaktai\/#breadcrumb","itemListElement":[{"@type":"ListItem","position":1,"name":"Strona g\u0142\u00f3wna","item":"https:\/\/www.vilniuscityhotel.com\/lt\/"},{"@type":"ListItem","position":2,"name":"Kontaktai"}]},{"@type":"WebSite","@id":"https:\/\/www.vilniuscityhotel.com\/#website","url":"https:\/\/www.vilniuscityhotel.com\/","name":"","description":"Vilnius City Hotel near Vilnius Old Town and Airport","potentialAction":[{"@type":"SearchAction","target":{"@type":"EntryPoint","urlTemplate":"https:\/\/www.vilniuscityhotel.com\/?s={search_term_string}"},"query-input":"required name=search_term_string"}],"inLanguage":"lt"}]}},"_links":{"self":[{"href":"https:\/\/www.vilniuscityhotel.com\/lt\/wp-json\/wp\/v2\/pages\/712"}],"collection":[{"href":"https:\/\/www.vilniuscityhotel.com\/lt\/wp-json\/wp\/v2\/pages"}],"about":[{"href":"https:\/\/www.vilniuscityhotel.com\/lt\/wp-json\/wp\/v2\/types\/page"}],"author":[{"embeddable":true,"href":"https:\/\/www.vilniuscityhotel.com\/lt\/wp-json\/wp\/v2\/users\/3"}],"replies":[{"embeddable":true,"href":"https:\/\/www.vilniuscityhotel.com\/lt\/wp-json\/wp\/v2\/comments?post=712"}],"version-history":[{"count":26,"href":"https:\/\/www.vilniuscityhotel.com\/lt\/wp-json\/wp\/v2\/pages\/712\/revisions"}],"predecessor-version":[{"id":3452,"href":"https:\/\/www.vilniuscityhotel.com\/lt\/wp-json\/wp\/v2\/pages\/712\/revisions\/3452"}],"wp:attachment":[{"href":"https:\/\/www.vilniuscityhotel.com\/lt\/wp-json\/wp\/v2\/media?parent=712"}],"wp:term":[{"taxonomy":"post_tag","embeddable":true,"href":"https:\/\/www.vilniuscityhotel.com\/lt\/wp-json\/wp\/v2\/tags?post=712"}],"curies":[{"name":"wp","href":"https:\/\/api.w.org\/{rel}","templated":true}]}}